{"id":157,"date":"2022-11-08T08:23:47","date_gmt":"2022-11-08T08:23:47","guid":{"rendered":"https:\/\/pastel19-cp796.wordpresstemporal.com\/internacionalcargo\/?page_id=157"},"modified":"2023-01-23T08:30:13","modified_gmt":"2023-01-23T08:30:13","slug":"aviso-legal","status":"publish","type":"page","link":"https:\/\/www.internacionalcargo.com\/en\/aviso-legal\/","title":{"rendered":"Legal Notice"},"content":{"rendered":"<p><strong>Identification and Ownership<\/strong><\/p>\n\n\n\n<p>The holder's identification details are set out below.<\/p>\n\n\n\n<ul class=\"wp-block-list\">\n<li><strong>Headline:<\/strong>&nbsp;TRANS RAFERA SL, hereinafter referred to as INTERNACIONAL CARGO<\/li>\n\n\n\n<li><strong>VAT NUMBER<\/strong>: B14776835<\/li>\n\n\n\n<li><strong>Address:<\/strong>&nbsp;Calle Mar\u00eda Cristina, 13 Oficina 111 - 14002 de C\u00f3rdoba<\/li>\n\n\n\n<li><strong>E-mail:<\/strong>&nbsp;<a href=\"mailto:trafico1@internacionalcargo.com\">trafico1@internacionalcargo.com<\/a><\/li>\n\n\n\n<li><strong>Website:<\/strong>&nbsp;<a href=\"http:\/\/www.internacionalcargo.com\/en\/\">www.internacionalcargo.com<\/a><\/li>\n\n\n\n<li><strong>Commercial Register:<\/strong> C\u00f3rdoba, Tomo 1948, Folio 184, Hoja CO247977, Inscripci\u00f3n 1\u00aa.<\/li>\n<\/ul>\n\n\n\n<p><strong>Conditions of Use<\/strong><\/p>\n\n\n\n<p>The use of the website grants you the status of User, and implies full acceptance of all the clauses and conditions of use included in the pages:<\/p>\n\n\n\n<ul class=\"wp-block-list\">\n<li>Legal Notice<\/li>\n\n\n\n<li>Privacy Policy<\/li>\n\n\n\n<li>Cookie Policy<\/li>\n<\/ul>\n\n\n\n<p>If you do not agree with each and every one of these terms and conditions, you will refrain from using this website.<\/p>\n\n\n\n<p>Access to this website does not in any way imply the beginning of a commercial relationship with INTERNACIONAL CARGO.<\/p>\n\n\n\n<p>Through this website, the Proprietor provides you with access to and use of various contents that the Proprietor or its collaborators have published on the Internet.<\/p>\n\n\n\n<p>To this end, you undertake and undertake NOT to use any of the contents of the website for illicit purposes or effects, prohibited in this Legal Notice or by current legislation, harmful to the rights and interests of third parties, or which in any way may damage, render useless, overload, deteriorate or prevent the normal use of the contents, computer equipment or documents, files and all types of content stored on any computer equipment owned or contracted by INTERNACIONAL CARGO, other users or any other Internet user.<\/p>\n\n\n\n<p><strong>Security measures<\/strong><\/p>\n\n\n\n<p>The personal data that you provide to the Holder may be stored in automated or non-automated databases, whose ownership corresponds exclusively to INTERNACIONAL CARGO, which assumes all the technical, organisational and security measures that guarantee the confidentiality, integrity and quality of the information contained therein in accordance with the provisions of current legislation on data protection.<\/p>\n\n\n\n<p>However, you should be aware that the security measures of computer systems on the Internet are not entirely reliable and that, therefore, the Holder cannot guarantee the non-existence of viruses or other elements that may cause alterations in the User's computer systems (software and hardware) or in their electronic documents and files contained therein, although the Holder makes every effort and takes the necessary security measures to avoid the presence of these harmful elements.<\/p>\n\n\n\n<p><strong>Processing of Personal Data<\/strong><\/p>\n\n\n\n<p>You can consult all the information relating to the processing of personal data collected by the Data Controller on the Privacy Policy page.<\/p>\n\n\n\n<p><strong>Contents<\/strong><\/p>\n\n\n\n<p>The Holder has obtained the information, multimedia content and materials included in the website from sources it considers reliable, but, although it has taken all reasonable measures to ensure that the information contained therein is correct, the Holder does not guarantee that it is accurate, complete or up to date. INTERNACIONAL CARGO expressly disclaims any liability for errors or omissions in the information contained in the pages of this website.<\/p>\n\n\n\n<p>It is forbidden to transmit or send through the website any illegal or illicit content, computer viruses, or messages that, in general, affect or violate the rights of the Holder or third parties.<\/p>\n\n\n\n<p>The contents of&nbsp;<a href=\"http:\/\/www.internacionalcargo.com\/en\/\">www.internacionalcargo.com<\/a> are for information purposes only and should not under any circumstances be used or relied upon as an offer to sell, a solicitation of an offer to buy, or a recommendation to engage in any other transaction, unless expressly stated.<\/p>\n\n\n\n<p>INTERNACIONAL CARGO reserves the right to modify, suspend, terminate or restrict the content of&nbsp;<a href=\"http:\/\/www.internacionalcargo.com\/en\/\">www.internacionalcargo.com<\/a>The use of any information, links or information obtained through the website, without prior notice, is prohibited.<\/p>\n\n\n\n<p>INTERNACIONAL CARGO is not liable for any damages that may arise from the use of the information on the website.<\/p>\n\n\n\n<p><strong>Cookies policy<\/strong><\/p>\n\n\n\n<p>On the Cookies Policy page you can consult all the information relating to the policy on the collection and processing of cookies.<\/p>\n\n\n\n<p><strong>Links to other websites<\/strong><\/p>\n\n\n\n<p>The Proprietor may provide you with access to third-party websites by means of links for the sole purpose of informing you of the existence of other sources of information on the Internet where you can find further information on the website.<\/p>\n\n\n\n<p>These links to other websites are in no way a suggestion or recommendation that you should visit the destination websites, which are beyond the control of the Owner, and the Owner is not responsible for the content of the linked websites or the results you obtain by following the links.<\/p>\n\n\n\n<p>Likewise, INTERNACIONAL CARGO is not responsible for the links located on the linked websites to which it provides you with access.<\/p>\n\n\n\n<p>The establishment of the link does not imply in any case the existence of a relationship between INTERNACIONAL CARGO and the owner of the site where the link is established, nor the acceptance or approval by the Owner of its contents or services.<\/p>\n\n\n\n<p>If you access an external website from a link that you find on the&nbsp;<a href=\"http:\/\/www.internacionalcargo.com\/en\/\">www.internacionalcargo.com<\/a>&nbsp;you should read the other website's own privacy policy which may differ from this website.<\/p>\n\n\n\n<p><strong>Intellectual and industrial property<\/strong><\/p>\n\n\n\n<p>All rights reserved.<\/p>\n\n\n\n<p>All access to this website is subject to the following conditions: the reproduction, permanent storage and dissemination of the contents or any other use for public or commercial purposes is expressly prohibited without the express prior written consent of INTERNACIONAL CARGO.<\/p>\n\n\n\n<p><strong>Limitation of liability<\/strong><\/p>\n\n\n\n<p>We disclaim any liability in the event of interruptions or malfunction of the Services or content offered on the Internet, whatever their cause. Likewise, the Holder shall not be liable for network failures, loss of business as a result of such failures, temporary power outages or any other type of indirect damage that may be caused by causes beyond the control of the Holder.<\/p>\n\n\n\n<p>Before taking decisions and\/or actions based on the information contained on the website, the Owner recommends that you check and contrast the information received with other sources.<\/p>\n\n\n\n<p><strong>Contact<\/strong><\/p>\n\n\n\n<p>If you have any questions about these Legal Conditions or would like to make any comments about this website, you can send an e-mail to the address <a href=\"mailto:trafico1@internacionalcargo.com\">trafico1@internacionalcargo.com<\/a><\/p>","protected":false},"excerpt":{"rendered":"<p>Identificaci\u00f3n y Titularidad A continuaci\u00f3n, se exponen los datos identificativos del titular. Condiciones de Uso La utilizaci\u00f3n del sitio Web te otorga la condici\u00f3n de Usuario, e implica la aceptaci\u00f3n completa de todas las cl\u00e1usulas y condiciones de uso incluidas en las p\u00e1ginas: Si no est\u00e1s conforme con todas y cada una de estas cl\u00e1usulas [&hellip;]<\/p>\n","protected":false},"author":1,"featured_media":0,"parent":0,"menu_order":0,"comment_status":"closed","ping_status":"closed","template":"","meta":{"_et_pb_use_builder":"","_et_pb_old_content":"","_et_gb_content_width":"","footnotes":""},"class_list":["post-157","page","type-page","status-publish","hentry"],"_links":{"self":[{"href":"https:\/\/www.internacionalcargo.com\/en\/wp-json\/wp\/v2\/pages\/157","targetHints":{"allow":["GET"]}}],"collection":[{"href":"https:\/\/www.internacionalcargo.com\/en\/wp-json\/wp\/v2\/pages"}],"about":[{"href":"https:\/\/www.internacionalcargo.com\/en\/wp-json\/wp\/v2\/types\/page"}],"author":[{"embeddable":true,"href":"https:\/\/www.internacionalcargo.com\/en\/wp-json\/wp\/v2\/users\/1"}],"replies":[{"embeddable":true,"href":"https:\/\/www.internacionalcargo.com\/en\/wp-json\/wp\/v2\/comments?post=157"}],"version-history":[{"count":1,"href":"https:\/\/www.internacionalcargo.com\/en\/wp-json\/wp\/v2\/pages\/157\/revisions"}],"predecessor-version":[{"id":232,"href":"https:\/\/www.internacionalcargo.com\/en\/wp-json\/wp\/v2\/pages\/157\/revisions\/232"}],"wp:attachment":[{"href":"https:\/\/www.internacionalcargo.com\/en\/wp-json\/wp\/v2\/media?parent=157"}],"curies":[{"name":"wp","href":"https:\/\/api.w.org\/{rel}","templated":true}]}}