{"id":14,"date":"2022-11-07T20:23:33","date_gmt":"2022-11-07T20:23:33","guid":{"rendered":"https:\/\/pastel19-cp796.wordpresstemporal.com\/internacionalcargo\/?page_id=14"},"modified":"2024-12-11T09:54:17","modified_gmt":"2024-12-11T09:54:17","slug":"internacional-cargo","status":"publish","type":"page","link":"https:\/\/www.internacionalcargo.com\/en\/","title":{"rendered":"International Cargo"},"content":{"rendered":"<p>[et_pb_section fb_built=\u00bb1&#8243; _builder_version=\u00bb4.18.1&#8243; _module_preset=\u00bbdefault\u00bb custom_padding=\u00bb0px||0px|||\u00bb global_colors_info=\u00bb{}\u00bb][et_pb_row _builder_version=\u00bb4.19.4&#8243; _module_preset=\u00bbdefault\u00bb width=\u00bb100%\u00bb max_width=\u00bb100vw\u00bb custom_padding=\u00bb0px||0px||false|false\u00bb global_colors_info=\u00bb{}\u00bb][et_pb_column type=\u00bb4_4&#8243; _builder_version=\u00bb4.18.1&#8243; _module_preset=\u00bbdefault\u00bb global_colors_info=\u00bb{}\u00bb][et_pb_slider _builder_version=\u00bb4.19.4&#8243; _module_preset=\u00bbdefault\u00bb custom_padding=\u00bb104px||371px|||\u00bb animation_style=\u00bbslide\u00bb animation_direction=\u00bbleft\u00bb auto=\u00bbon\u00bb auto_ignore_hover=\u00bbon\u00bb scroll_scaling_enable=\u00bbon\u00bb global_colors_info=\u00bb{}\u00bb][et_pb_slide heading=\u00bbTransporte A\u00e9reo \u00bb arrows_custom_color=\u00bb#000000&#8243; dot_nav_custom_color=\u00bb#000000&#8243; _builder_version=\u00bb4.19.4&#8243; _module_preset=\u00bbdefault\u00bb background_enable_color=\u00bboff\u00bb background_image=\u00bbhttp:\/\/www.internacionalcargo.com\/wp-content\/uploads\/2022\/11\/airplane-flying-in-cloudy-sky-scaled-1.jpg\u00bb background_enable_image=\u00bbon\u00bb global_colors_info=\u00bb{}\u00bb sticky_transition=\u00bbon\u00bb][\/et_pb_slide][et_pb_slide heading=\u00bbTransporte terrestre\u00bb arrows_custom_color=\u00bb#000000&#8243; dot_nav_custom_color=\u00bb#000000&#8243; _builder_version=\u00bb4.19.4&#8243; _module_preset=\u00bbdefault\u00bb background_enable_color=\u00bboff\u00bb background_image=\u00bbhttp:\/\/www.internacionalcargo.com\/wp-content\/uploads\/2022\/11\/truck-is-driving-along-the-road-3d-image-3d-rendering-scaled-1.jpg\u00bb background_enable_image=\u00bbon\u00bb global_colors_info=\u00bb{}\u00bb sticky_transition=\u00bbon\u00bb][\/et_pb_slide][et_pb_slide heading=\u00bbTransporte mar\u00edtimo\u00bb arrows_custom_color=\u00bb#000000&#8243; dot_nav_custom_color=\u00bb#000000&#8243; _builder_version=\u00bb4.19.4&#8243; _module_preset=\u00bbdefault\u00bb background_enable_color=\u00bboff\u00bb background_image=\u00bbhttp:\/\/www.internacionalcargo.com\/wp-content\/uploads\/2022\/11\/aerial-view-of-container-cargo-ship-in-sea-scaled-1.jpg\u00bb background_enable_image=\u00bbon\u00bb global_colors_info=\u00bb{}\u00bb sticky_transition=\u00bbon\u00bb][\/et_pb_slide][\/et_pb_slider][\/et_pb_column][\/et_pb_row][\/et_pb_section][et_pb_section fb_built=\u00bb1&#8243; _builder_version=\u00bb4.18.1&#8243; _module_preset=\u00bbdefault\u00bb custom_padding=\u00bb0px||0px|||\u00bb saved_tabs=\u00bball\u00bb global_colors_info=\u00bb{}\u00bb][et_pb_row _builder_version=\u00bb4.19.4&#8243; _module_preset=\u00bbdefault\u00bb background_color=\u00bb#13449a\u00bb width=\u00bb100%\u00bb max_width=\u00bb100vw\u00bb custom_padding=\u00bb0px||0px|||\u00bb global_colors_info=\u00bb{}\u00bb][et_pb_column type=\u00bb4_4&#8243; _builder_version=\u00bb4.18.1&#8243; _module_preset=\u00bbdefault\u00bb global_colors_info=\u00bb{}\u00bb][et_pb_text _builder_version=\u00bb4.18.1&#8243; _module_preset=\u00bbdefault\u00bb text_text_color=\u00bb#FFFFFF\u00bb text_font_size=\u00bb18px\u00bb custom_padding=\u00bb10px||15px|||\u00bb global_colors_info=\u00bb{}\u00bb]<\/p>\n<p style=\"text-align: center;\">\u00bfQu\u00e9 necesitas enviar? <span style=\"color: #ffffff;\"><a href=\"https:\/\/pastel19-cp796.wordpresstemporal.com\/internacionalcargo\/formulario-presupuesto\/\" style=\"color: #ffffff;\"><strong>P\u00eddenos presupuesto <img loading=\"lazy\" decoding=\"async\" src=\"https:\/\/pastel19-cp796.wordpresstemporal.com\/internacionalcargo\/wp-content\/uploads\/2022\/11\/cursor.png\" width=\"15\" height=\"15\" alt=\"\" class=\"wp-image-20 alignnone size-full\" \/><\/strong><\/a><\/span><\/p>\n<p>[\/et_pb_text][\/et_pb_column][\/et_pb_row][\/et_pb_section][et_pb_section fb_built=\u00bb1&#8243; _builder_version=\u00bb4.18.1&#8243; _module_preset=\u00bbdefault\u00bb custom_padding=\u00bb9px||8px|||\u00bb box_shadow_style=\u00bbpreset3&#8243; global_colors_info=\u00bb{}\u00bb][et_pb_row column_structure=\u00bb1_3,1_3,1_3&#8243; _builder_version=\u00bb4.18.1&#8243; _module_preset=\u00bbdefault\u00bb max_width=\u00bb1418px\u00bb global_colors_info=\u00bb{}\u00bb][et_pb_column type=\u00bb1_3&#8243; _builder_version=\u00bb4.18.1&#8243; _module_preset=\u00bbdefault\u00bb global_colors_info=\u00bb{}\u00bb][et_pb_image src=\u00bbhttp:\/\/www.internacionalcargo.com\/wp-content\/uploads\/2022\/11\/transporte-maritimo.png\u00bb title_text=\u00bbtransporte-maritimo\u00bb align=\u00bbcenter\u00bb _builder_version=\u00bb4.19.4&#8243; _module_preset=\u00bbdefault\u00bb global_colors_info=\u00bb{}\u00bb][\/et_pb_image][et_pb_text _builder_version=\u00bb4.18.1&#8243; _module_preset=\u00bbdefault\u00bb text_text_color=\u00bb#13449a\u00bb text_font_size=\u00bb13px\u00bb header_3_text_color=\u00bb#13449a\u00bb custom_padding=\u00bb10px||15px|||\u00bb locked=\u00bboff\u00bb global_colors_info=\u00bb{}\u00bb]<\/p>\n<h3 style=\"text-align: center;\"><strong>Mar\u00edtimo<\/strong><\/h3>\n<p style=\"text-align: center;\"><strong><\/strong><span>Queremos ofrecerle las mejores soluciones a sus necesidades, por eso, trabajamos con todos los puertos del mundo, y con todas las modalidades, tanto para la exportaci\u00f3n como para la importaci\u00f3n.<\/span><\/p>\n<p style=\"text-align: center;\">[\/et_pb_text][\/et_pb_column][et_pb_column type=\u00bb1_3&#8243; _builder_version=\u00bb4.18.1&#8243; _module_preset=\u00bbdefault\u00bb global_colors_info=\u00bb{}\u00bb][et_pb_image src=\u00bbhttp:\/\/www.internacionalcargo.com\/wp-content\/uploads\/2022\/11\/flete-aereo.png\u00bb title_text=\u00bbflete-aereo\u00bb align=\u00bbcenter\u00bb _builder_version=\u00bb4.19.4&#8243; _module_preset=\u00bbdefault\u00bb global_colors_info=\u00bb{}\u00bb][\/et_pb_image][et_pb_text _builder_version=\u00bb4.18.1&#8243; _module_preset=\u00bbdefault\u00bb text_text_color=\u00bb#13449a\u00bb text_font_size=\u00bb13px\u00bb header_3_text_color=\u00bb#13449a\u00bb custom_padding=\u00bb10px||15px|||\u00bb locked=\u00bboff\u00bb global_colors_info=\u00bb{}\u00bb]<\/p>\n<h3 style=\"text-align: center;\"><strong>A\u00e9reo<\/strong><\/h3>\n<p style=\"text-align: center;\"><strong><\/strong><span>Ofrece todas las alternativas posibles para sus env\u00edos, trabajando y dando cobertura en todos los aeropuertos del mundo desde y hacia Espa\u00f1a. Env\u00eda tu carga a trav\u00e9s de nuestro servicio a\u00e9reo.<\/span><\/p>\n<p style=\"text-align: center;\">[\/et_pb_text][\/et_pb_column][et_pb_column type=\u00bb1_3&#8243; _builder_version=\u00bb4.18.1&#8243; _module_preset=\u00bbdefault\u00bb global_colors_info=\u00bb{}\u00bb][et_pb_image src=\u00bbhttp:\/\/www.internacionalcargo.com\/wp-content\/uploads\/2022\/11\/transporte-terrestre-1.png\u00bb title_text=\u00bbtransporte-terrestre (1)\u00bb align=\u00bbcenter\u00bb _builder_version=\u00bb4.19.4&#8243; _module_preset=\u00bbdefault\u00bb global_colors_info=\u00bb{}\u00bb][\/et_pb_image][et_pb_text _builder_version=\u00bb4.18.1&#8243; _module_preset=\u00bbdefault\u00bb text_text_color=\u00bb#13449a\u00bb text_font_size=\u00bb13px\u00bb header_3_text_color=\u00bb#13449a\u00bb custom_padding=\u00bb10px||15px|||\u00bb locked=\u00bboff\u00bb global_colors_info=\u00bb{}\u00bb]<\/p>\n<h3 style=\"text-align: center;\"><strong>Terrestre<\/strong><\/h3>\n<p style=\"text-align: center;\"><strong><\/strong><span>Ofrece a nuestro clientes todas las posibilidades para enviar su carga, dando servicio a toda Europa.<\/span><\/p>\n<p style=\"text-align: center;\">[\/et_pb_text][\/et_pb_column][\/et_pb_row][\/et_pb_section][et_pb_section fb_built=\u00bb1&#8243; _builder_version=\u00bb4.18.1&#8243; _module_preset=\u00bbdefault\u00bb global_colors_info=\u00bb{}\u00bb][et_pb_row column_structure=\u00bb2_5,3_5&#8243; use_custom_gutter=\u00bbon\u00bb _builder_version=\u00bb4.18.1&#8243; _module_preset=\u00bbdefault\u00bb width=\u00bb100%\u00bb max_width=\u00bb1265px\u00bb global_colors_info=\u00bb{}\u00bb][et_pb_column type=\u00bb2_5&#8243; _builder_version=\u00bb4.18.1&#8243; _module_preset=\u00bbdefault\u00bb global_colors_info=\u00bb{}\u00bb][et_pb_text _builder_version=\u00bb4.19.4&#8243; _module_preset=\u00bbdefault\u00bb text_text_color=\u00bb#13449a\u00bb text_font_size=\u00bb19px\u00bb header_3_text_color=\u00bb#13449a\u00bb header_3_font_size=\u00bb29px\u00bb header_3_line_height=\u00bb1.5em\u00bb width=\u00bb80%\u00bb max_width=\u00bb80%\u00bb module_alignment=\u00bbcenter\u00bb custom_padding=\u00bb||||false|false\u00bb locked=\u00bboff\u00bb global_colors_info=\u00bb{}\u00bb]<\/p>\n<p><span style=\"font-weight: 400;\"><strong>Internacional Cargo<\/strong> cuenta con una s\u00f3lida reputaci\u00f3n como socio externalizado.<\/span><\/p>\n<p><span style=\"font-weight: 400;\">Hemos creado una marca de confianza en todo el mundo y estamos presentes en todos los continentes.<\/span><\/p>\n<p><span style=\"font-weight: 400;\">En <strong>Internacional Cargo<\/strong> encontrar\u00e1s la persona indicada que te ayudar\u00e1 de la forma m\u00e1s r\u00e1pida y eficaz a realizar tu transporte.<\/span><\/p>\n<ul><\/ul>\n<p><strong><i>\u201cNuestro mayor privilegio es serviros \u201c<\/i><\/strong><\/p>\n<p>[\/et_pb_text][\/et_pb_column][et_pb_column type=\u00bb3_5&#8243; _builder_version=\u00bb4.18.1&#8243; _module_preset=\u00bbdefault\u00bb global_colors_info=\u00bb{}\u00bb][et_pb_image src=\u00bbhttp:\/\/www.internacionalcargo.com\/wp-content\/uploads\/2023\/01\/Introduccion.jpg\u00bb title_text=\u00bbIntroduccion\u00bb _builder_version=\u00bb4.19.4&#8243; _module_preset=\u00bbdefault\u00bb box_shadow_style=\u00bbpreset2&#8243; global_colors_info=\u00bb{}\u00bb][\/et_pb_image][\/et_pb_column][\/et_pb_row][et_pb_row _builder_version=\u00bb4.19.4&#8243; _module_preset=\u00bbdefault\u00bb global_colors_info=\u00bb{}\u00bb][et_pb_column type=\u00bb4_4&#8243; _builder_version=\u00bb4.19.4&#8243; _module_preset=\u00bbdefault\u00bb global_colors_info=\u00bb{}\u00bb][et_pb_text _builder_version=\u00bb4.19.4&#8243; _module_preset=\u00bbdefault\u00bb header_2_font=\u00bb|700|||||||\u00bb header_2_text_color=\u00bb#13449a\u00bb global_colors_info=\u00bb{}\u00bb]<\/p>\n<h2 style=\"text-align: center;\"><span style=\"font-weight: 400;\">En 2022 e<\/span><span style=\"font-weight: 400;\">stos fueron nuestros resultados:<\/span><\/h2>\n<p>[\/et_pb_text][\/et_pb_column][\/et_pb_row][et_pb_row column_structure=\u00bb1_3,1_3,1_3&#8243; _builder_version=\u00bb4.19.4&#8243; _module_preset=\u00bbdefault\u00bb global_colors_info=\u00bb{}\u00bb][et_pb_column type=\u00bb1_3&#8243; _builder_version=\u00bb4.19.4&#8243; _module_preset=\u00bbdefault\u00bb global_colors_info=\u00bb{}\u00bb][et_pb_number_counter title=\u00bbContenedores\u00bb number=\u00bb44109&#8243; percent_sign=\u00bboff\u00bb _builder_version=\u00bb4.19.4&#8243; _module_preset=\u00bbdefault\u00bb title_text_color=\u00bb#13449a\u00bb number_text_color=\u00bb#13449a\u00bb global_colors_info=\u00bb{}\u00bb][\/et_pb_number_counter][\/et_pb_column][et_pb_column type=\u00bb1_3&#8243; _builder_version=\u00bb4.19.4&#8243; _module_preset=\u00bbdefault\u00bb global_colors_info=\u00bb{}\u00bb][et_pb_number_counter title=\u00bbVuelos\u00bb number=\u00bb1951&#8243; percent_sign=\u00bboff\u00bb _builder_version=\u00bb4.19.4&#8243; _module_preset=\u00bbdefault\u00bb title_text_color=\u00bb#13449a\u00bb number_text_color=\u00bb#13449a\u00bb global_colors_info=\u00bb{}\u00bb][\/et_pb_number_counter][\/et_pb_column][et_pb_column type=\u00bb1_3&#8243; _builder_version=\u00bb4.19.4&#8243; _module_preset=\u00bbdefault\u00bb global_colors_info=\u00bb{}\u00bb][et_pb_number_counter title=\u00bbTerrestre (ton)\u00bb number=\u00bb42301&#8243; percent_sign=\u00bboff\u00bb _builder_version=\u00bb4.19.4&#8243; _module_preset=\u00bbdefault\u00bb title_text_color=\u00bb#13449a\u00bb number_text_color=\u00bb#13449a\u00bb global_colors_info=\u00bb{}\u00bb][\/et_pb_number_counter][\/et_pb_column][\/et_pb_row][\/et_pb_section][et_pb_section fb_built=\u00bb1&#8243; _builder_version=\u00bb4.19.4&#8243; _module_preset=\u00bbdefault\u00bb background_color=\u00bb#13449a\u00bb background_image=\u00bbhttp:\/\/www.internacionalcargo.com\/wp-content\/uploads\/2022\/11\/transportation-and-logistics-of-container-cargo-ship-and-cargo-plane-3d-rendering-and-illustration-scaled-1.jpg\u00bb background_blend=\u00bboverlay\u00bb custom_padding=\u00bb140px||99px|||\u00bb global_colors_info=\u00bb{}\u00bb][et_pb_row _builder_version=\u00bb4.18.1&#8243; _module_preset=\u00bbdefault\u00bb global_colors_info=\u00bb{}\u00bb][et_pb_column type=\u00bb4_4&#8243; _builder_version=\u00bb4.18.1&#8243; _module_preset=\u00bbdefault\u00bb global_colors_info=\u00bb{}\u00bb][et_pb_text _builder_version=\u00bb4.19.4&#8243; _module_preset=\u00bbdefault\u00bb text_text_color=\u00bb#FFFFFF\u00bb text_font_size=\u00bb46px\u00bb text_line_height=\u00bb1.8em\u00bb custom_margin=\u00bb||16px|||\u00bb custom_padding=\u00bb10px||15px|||\u00bb locked=\u00bboff\u00bb global_colors_info=\u00bb{}\u00bb]<\/p>\n<p style=\"text-align: center;\"><strong>Descubre nuestras novedades<\/strong><\/p>\n<p>[\/et_pb_text][et_pb_button button_url=\u00bbhttps:\/\/www.internacionalcargo.com\/ultimas-noticias\/\u00bb button_text=\u00bbSaber m\u00e1s\u00bb button_alignment=\u00bbcenter\u00bb _builder_version=\u00bb4.19.4&#8243; _module_preset=\u00bbdefault\u00bb custom_button=\u00bbon\u00bb button_text_color=\u00bb#000000&#8243; button_bg_color=\u00bb#FFFFFF\u00bb button_border_width=\u00bb0px\u00bb button_border_color=\u00bb#FFFFFF\u00bb global_colors_info=\u00bb{}\u00bb][\/et_pb_button][\/et_pb_column][\/et_pb_row][\/et_pb_section][et_pb_section fb_built=\u00bb1&#8243; _builder_version=\u00bb4.18.1&#8243; _module_preset=\u00bbdefault\u00bb global_colors_info=\u00bb{}\u00bb][et_pb_row column_structure=\u00bb2_5,3_5&#8243; use_custom_gutter=\u00bbon\u00bb _builder_version=\u00bb4.18.1&#8243; _module_preset=\u00bbdefault\u00bb width=\u00bb100%\u00bb max_width=\u00bb1251px\u00bb global_colors_info=\u00bb{}\u00bb][et_pb_column type=\u00bb2_5&#8243; _builder_version=\u00bb4.18.1&#8243; _module_preset=\u00bbdefault\u00bb global_colors_info=\u00bb{}\u00bb][et_pb_image src=\u00bbhttp:\/\/www.internacionalcargo.com\/wp-content\/uploads\/2022\/11\/aerial-view-of-cargo-ship-and-cargo-container-in-harbor-scaled-1.jpg\u00bb title_text=\u00bbAerial view of cargo ship and cargo container in harbor.\u00bb _builder_version=\u00bb4.19.4&#8243; _module_preset=\u00bbdefault\u00bb box_shadow_style=\u00bbpreset2&#8243; global_colors_info=\u00bb{}\u00bb][\/et_pb_image][\/et_pb_column][et_pb_column type=\u00bb3_5&#8243; _builder_version=\u00bb4.18.1&#8243; _module_preset=\u00bbdefault\u00bb global_colors_info=\u00bb{}\u00bb][et_pb_text _builder_version=\u00bb4.19.4&#8243; _module_preset=\u00bbdefault\u00bb text_text_color=\u00bb#13449a\u00bb text_font_size=\u00bb15px\u00bb header_3_text_color=\u00bb#13449a\u00bb header_3_font_size=\u00bb29px\u00bb header_3_line_height=\u00bb1.5em\u00bb width=\u00bb80%\u00bb max_width=\u00bb80%\u00bb module_alignment=\u00bbcenter\u00bb custom_margin=\u00bb||||false|false\u00bb custom_padding=\u00bb||||false|false\u00bb locked=\u00bboff\u00bb global_colors_info=\u00bb{}\u00bb]<\/p>\n<h3 style=\"text-align: left;\"><strong>Tu tranquilidad <\/strong>nuestra misi\u00f3n<\/h3>\n<div class=\"col-md-6\"><\/div>\n<div class=\"col-md-6\">\n<p>Tu tranquilidad nuestra misi\u00f3n. Por que tu tranquilidad es nuestra raz\u00f3n de ser. Desde que se embarca la mercanc\u00eda, sea cual sea, Internacional Cargo realiza un seguimiento cont\u00ednuo de cada env\u00edo, para que cualquier incidencia pueda ser solventada por nuestro equipo de profesionales, algunos con m\u00e1s de 30 a\u00f1os de experiencia en el sector log\u00edstico. Toda carga realizada desde Internacional Cargo, est\u00e1 asegurada ante cualquier imprevisto y hacemos de su transporte algo seguro y fiable.<\/p>\n<\/div>\n<div class=\"col-md-6\">\n<p>Nuestra experiencia nos avala y es la misi\u00f3n de Internacional Cargo seguir siendo referente en el transporte a trav\u00e9s de nuestros clientes satisfechos. Por eso su tranquilidad hace que para nosotros sea referencia y motivaci\u00f3n en cada una de las cargas que Internacional Cargo realiza. Llevamos a cualquier punto del mundo aquello que su empresa demande de forma segura y fiable.<\/p>\n<\/div>\n<p>[\/et_pb_text][\/et_pb_column][\/et_pb_row][\/et_pb_section]<\/p>\n","protected":false},"excerpt":{"rendered":"<p>\u00bfQu\u00e9 necesitas enviar? P\u00eddenos presupuesto Mar\u00edtimo Queremos ofrecerle las mejores soluciones a sus necesidades, por eso, trabajamos con todos los puertos del mundo, y con todas las modalidades, tanto para la exportaci\u00f3n como para la importaci\u00f3n. A\u00e9reo Ofrece todas las alternativas posibles para sus env\u00edos, trabajando y dando cobertura en todos los aeropuertos del mundo [&hellip;]<\/p>\n","protected":false},"author":1,"featured_media":0,"parent":0,"menu_order":0,"comment_status":"closed","ping_status":"closed","template":"","meta":{"_et_pb_use_builder":"on","_et_pb_old_content":"","_et_gb_content_width":"","footnotes":""},"class_list":["post-14","page","type-page","status-publish","hentry"],"_links":{"self":[{"href":"https:\/\/www.internacionalcargo.com\/en\/wp-json\/wp\/v2\/pages\/14","targetHints":{"allow":["GET"]}}],"collection":[{"href":"https:\/\/www.internacionalcargo.com\/en\/wp-json\/wp\/v2\/pages"}],"about":[{"href":"https:\/\/www.internacionalcargo.com\/en\/wp-json\/wp\/v2\/types\/page"}],"author":[{"embeddable":true,"href":"https:\/\/www.internacionalcargo.com\/en\/wp-json\/wp\/v2\/users\/1"}],"replies":[{"embeddable":true,"href":"https:\/\/www.internacionalcargo.com\/en\/wp-json\/wp\/v2\/comments?post=14"}],"version-history":[{"count":12,"href":"https:\/\/www.internacionalcargo.com\/en\/wp-json\/wp\/v2\/pages\/14\/revisions"}],"predecessor-version":[{"id":364,"href":"https:\/\/www.internacionalcargo.com\/en\/wp-json\/wp\/v2\/pages\/14\/revisions\/364"}],"wp:attachment":[{"href":"https:\/\/www.internacionalcargo.com\/en\/wp-json\/wp\/v2\/media?parent=14"}],"curies":[{"name":"wp","href":"https:\/\/api.w.org\/{rel}","templated":true}]}}